{"id":8594,"date":"2019-01-12T11:11:53","date_gmt":"2019-01-12T11:11:53","guid":{"rendered":"http:\/\/bestmun.com\/?page_id=8594"},"modified":"2025-09-14T21:24:32","modified_gmt":"2025-09-14T21:24:32","slug":"venue","status":"publish","type":"page","link":"https:\/\/bestmun.com\/tr\/venue\/","title":{"rendered":"Venue"},"content":{"rendered":"<div class=\"vc_row wpb_row vc_row-fluid\"><div class=\"wpb_column vc_column_container vc_col-sm-12\"><div class=\"vc_column-inner\"><div class=\"wpb_wrapper\">\n\t<div class=\"wpb_text_column wpb_content_element\" >\n\t\t<div class=\"wpb_wrapper\">\n\t\t\t<h1 class=\"\" style=\"text-align: center;\"><strong>The 5th Edition of BESTMUN will be held on\u00a0 4-5-6-7 December 2025<\/strong><\/h1>\n\n\t\t<\/div>\n\t<\/div>\n<\/div><\/div><\/div><\/div><div class=\"vc_row wpb_row vc_row-fluid\"><div class=\"wpb_column vc_column_container vc_col-sm-12\"><div class=\"vc_column-inner\"><div class=\"wpb_wrapper\">\n\t<div class=\"wpb_text_column wpb_content_element\" >\n\t\t<div class=\"wpb_wrapper\">\n\t\t\t<h1><strong>M\u00f6venpick Hotel Ankara<\/strong><\/h1>\n\n\t\t<\/div>\n\t<\/div>\n<\/div><\/div><\/div><\/div><div class=\"vc_row wpb_row vc_row-fluid vc_custom_1578508951440 vc_row-has-fill\"><div class=\"wpb_column vc_column_container vc_col-sm-6\"><div class=\"vc_column-inner\"><div class=\"wpb_wrapper\"><div class=\"wpb_gmaps_widget wpb_content_element\" >\n\t\t<div class=\"wpb_wrapper\">\n\t\t<div class=\"wpb_map_wraper\">\n\t\t\t<iframe src=\"https:\/\/www.google.com\/maps\/embed?pb=!1m18!1m12!1m3!1d6120.67050085396!2d32.8028151419692!3d39.91151314855189!2m3!1f0!2f0!3f0!3m2!1i1024!2i768!4f13.1!3m3!1m2!1s0x14d348f68a206b7b%3A0xb66dc086ced3136d!2sM%C3%B6venpick%20Ankara!5e0!3m2!1sen!2str!4v1757884918239!5m2!1sen!2str\" width=\"600\" height=\"450\" style=\"border:0;\" allowfullscreen=\"\" loading=\"lazy\" referrerpolicy=\"no-referrer-when-downgrade\"><\/iframe>\t\t<\/div>\n\t<\/div>\n<\/div>\n<\/div><\/div><\/div><div class=\"wpb_column vc_column_container vc_col-sm-6\"><div class=\"vc_column-inner\"><div class=\"wpb_wrapper\">\n\t<div  class=\"wpb_single_image wpb_content_element vc_align_left\">\n\t\t\n\t\t<figure class=\"wpb_wrapper vc_figure\">\n\t\t\t<div class=\"vc_single_image-wrapper   vc_box_border_grey\"><img class=\"vc_single_image-img\" src=\"https:\/\/bestmun.com\/wp-content\/uploads\/2025\/09\/Screenshot-2025-09-15-at-00-22-40-Movenpick-Ankara-Google-Maps-550x450.png\" width=\"550\" height=\"450\" alt=\"Screenshot 2025-09-15 at 00-22-40 M\u00f6venpick Ankara - Google Maps\" title=\"Screenshot 2025-09-15 at 00-22-40 M\u00f6venpick Ankara - Google Maps\" \/><\/div>\n\t\t<\/figure>\n\t<\/div>\n<\/div><\/div><\/div><\/div><div class=\"vc_row wpb_row vc_row-fluid\"><div class=\"wpb_column vc_column_container vc_col-sm-12\"><div class=\"vc_column-inner\"><div class=\"wpb_wrapper\">\n\t<div class=\"wpb_text_column wpb_content_element\" >\n\t\t<div class=\"wpb_wrapper\">\n\t\t\t<h3><strong>M\u00f6venpick Hotel Ankara<\/strong><\/h3>\n<p>S\u00f6\u011f\u00fct\u00f6z\u00fc, Ya\u015fam Cd. No:1, 06520 \u00c7ankaya\/Ankara<\/p>\n\n\t\t<\/div>\n\t<\/div>\n<\/div><\/div><\/div><\/div><div class=\"vc_row wpb_row vc_row-fluid\"><div class=\"wpb_column vc_column_container vc_col-sm-12\"><div class=\"vc_column-inner\"><div class=\"wpb_wrapper\">\n\t<div class=\"wpb_text_column wpb_content_element\" >\n\t\t<div class=\"wpb_wrapper\">\n\t\t\t<p><span style=\"color: #ff0000;\">Delegates are accountable with their own reservations at the hotel. You&#8217;re advised to directly contact the hotel.<\/span><\/p>\n\n\t\t<\/div>\n\t<\/div>\n<\/div><\/div><\/div><\/div>","protected":false},"excerpt":{"rendered":"The 5th Edition of BESTMUN will be held on\u00a0 4-5-6-7 December 2025 M\u00f6venpick Hotel Ankara M\u00f6venpick Hotel Ankara S\u00f6\u011f\u00fct\u00f6z\u00fc, Ya\u015fam Cd. No:1, 06520 \u00c7ankaya\/Ankara Delegates are accountable with their own reservations at the hotel. You're advised to directly contact the hotel.","protected":false},"author":1,"featured_media":0,"parent":0,"menu_order":0,"comment_status":"closed","ping_status":"closed","template":"","meta":[],"_links":{"self":[{"href":"https:\/\/bestmun.com\/tr\/wp-json\/wp\/v2\/pages\/8594"}],"collection":[{"href":"https:\/\/bestmun.com\/tr\/wp-json\/wp\/v2\/pages"}],"about":[{"href":"https:\/\/bestmun.com\/tr\/wp-json\/wp\/v2\/types\/page"}],"author":[{"embeddable":true,"href":"https:\/\/bestmun.com\/tr\/wp-json\/wp\/v2\/users\/1"}],"replies":[{"embeddable":true,"href":"https:\/\/bestmun.com\/tr\/wp-json\/wp\/v2\/comments?post=8594"}],"version-history":[{"count":38,"href":"https:\/\/bestmun.com\/tr\/wp-json\/wp\/v2\/pages\/8594\/revisions"}],"predecessor-version":[{"id":10079,"href":"https:\/\/bestmun.com\/tr\/wp-json\/wp\/v2\/pages\/8594\/revisions\/10079"}],"wp:attachment":[{"href":"https:\/\/bestmun.com\/tr\/wp-json\/wp\/v2\/media?parent=8594"}],"curies":[{"name":"wp","href":"https:\/\/api.w.org\/{rel}","templated":true}]}}