{"id":9829,"date":"2024-08-13T08:50:25","date_gmt":"2024-08-13T08:50:25","guid":{"rendered":"https:\/\/bestmun.com\/?page_id=9829"},"modified":"2025-11-15T21:25:51","modified_gmt":"2025-11-15T21:25:51","slug":"application","status":"publish","type":"page","link":"https:\/\/bestmun.com\/tr\/application\/","title":{"rendered":"BA\u015eVURU"},"content":{"rendered":"<div class=\"vc_row wpb_row vc_row-fluid\"><div class=\"wpb_column vc_column_container vc_col-sm-12\"><div class=\"vc_column-inner\"><div class=\"wpb_wrapper\"><div class=\"vc_message_box vc_message_box-standard vc_message_box-rounded vc_color-info\" >\n\t<div class=\"vc_message_box-icon\"><i class=\"fa fa-info-circle\"><\/i>\n\t<\/div><p style=\"text-align: center;\">APPLICATIONS WILL BE PROCESSED THROUGH MUNPOINT<\/p>\n<\/div>\n<\/div><\/div><\/div><\/div><div class=\"vc_row wpb_row vc_row-fluid\"><div class=\"wpb_column vc_column_container vc_col-sm-4\"><div class=\"vc_column-inner\"><div class=\"wpb_wrapper\">\n\t<div  class=\"wpb_single_image wpb_content_element vc_align_left\">\n\t\t\n\t\t<figure class=\"wpb_wrapper vc_figure\">\n\t\t\t<div class=\"vc_single_image-wrapper   vc_box_border_grey\"><img width=\"600\" height=\"399\" src=\"https:\/\/bestmun.com\/wp-content\/uploads\/2023\/08\/individual-delegate-payment.jpg\" class=\"vc_single_image-img attachment-full\" alt=\"\" decoding=\"async\" loading=\"lazy\" srcset=\"https:\/\/bestmun.com\/wp-content\/uploads\/2023\/08\/individual-delegate-payment.jpg 600w, https:\/\/bestmun.com\/wp-content\/uploads\/2023\/08\/individual-delegate-payment-300x200.jpg 300w, https:\/\/bestmun.com\/wp-content\/uploads\/2023\/08\/individual-delegate-payment-18x12.jpg 18w\" sizes=\"(max-width: 600px) 100vw, 600px\" \/><\/div>\n\t\t<\/figure>\n\t<\/div>\n\n\t<div class=\"wpb_text_column wpb_content_element\" >\n\t\t<div class=\"wpb_wrapper\">\n\t\t\t<h4 class=\"p1\" style=\"text-align: center;\"><strong>B\u0130REYSEL DELEGE<\/strong><\/h4>\n\n\t\t<\/div>\n\t<\/div>\n<div class=\"vc_btn3-container vc_btn3-center\" >\n\t<a class=\"vc_general vc_btn3 vc_btn3-size-md vc_btn3-shape-rounded vc_btn3-style-3d vc_btn3-color-violet\" href=\"https:\/\/www.munpoint.com\/muns\/bestmun-25\" title=\"\" target=\"_blank\">Apply<\/a><\/div>\n<\/div><\/div><\/div><div class=\"wpb_column vc_column_container vc_col-sm-4\"><div class=\"vc_column-inner\"><div class=\"wpb_wrapper\">\n\t<div  class=\"wpb_single_image wpb_content_element vc_align_left\">\n\t\t\n\t\t<figure class=\"wpb_wrapper vc_figure\">\n\t\t\t<div class=\"vc_single_image-wrapper   vc_box_border_grey\"><img width=\"600\" height=\"399\" src=\"https:\/\/bestmun.com\/wp-content\/uploads\/2023\/08\/delegation-payment.jpg\" class=\"vc_single_image-img attachment-full\" alt=\"\" decoding=\"async\" loading=\"lazy\" srcset=\"https:\/\/bestmun.com\/wp-content\/uploads\/2023\/08\/delegation-payment.jpg 600w, https:\/\/bestmun.com\/wp-content\/uploads\/2023\/08\/delegation-payment-300x200.jpg 300w, https:\/\/bestmun.com\/wp-content\/uploads\/2023\/08\/delegation-payment-18x12.jpg 18w\" sizes=\"(max-width: 600px) 100vw, 600px\" \/><\/div>\n\t\t<\/figure>\n\t<\/div>\n\n\t<div class=\"wpb_text_column wpb_content_element\" >\n\t\t<div class=\"wpb_wrapper\">\n\t\t\t<h4 class=\"p1\" style=\"text-align: center;\"><span class=\"s1\"><b>DELEGASYON<\/b><\/span><\/h4>\n\n\t\t<\/div>\n\t<\/div>\n<div class=\"vc_btn3-container vc_btn3-center\" >\n\t<a class=\"vc_general vc_btn3 vc_btn3-size-md vc_btn3-shape-rounded vc_btn3-style-3d vc_btn3-color-violet\" href=\"https:\/\/www.munpoint.com\/muns\/bestmun-25\" title=\"\">Apply<\/a><\/div>\n<\/div><\/div><\/div><div class=\"wpb_column vc_column_container vc_col-sm-4\"><div class=\"vc_column-inner\"><div class=\"wpb_wrapper\">\n\t<div  class=\"wpb_single_image wpb_content_element vc_align_left\">\n\t\t\n\t\t<figure class=\"wpb_wrapper vc_figure\">\n\t\t\t<div class=\"vc_single_image-wrapper   vc_box_border_grey\"><img width=\"600\" height=\"399\" src=\"https:\/\/bestmun.com\/wp-content\/uploads\/2023\/08\/committee-director-payment.jpg\" class=\"vc_single_image-img attachment-full\" alt=\"\" decoding=\"async\" loading=\"lazy\" srcset=\"https:\/\/bestmun.com\/wp-content\/uploads\/2023\/08\/committee-director-payment.jpg 600w, https:\/\/bestmun.com\/wp-content\/uploads\/2023\/08\/committee-director-payment-300x200.jpg 300w, https:\/\/bestmun.com\/wp-content\/uploads\/2023\/08\/committee-director-payment-18x12.jpg 18w\" sizes=\"(max-width: 600px) 100vw, 600px\" \/><\/div>\n\t\t<\/figure>\n\t<\/div>\n\n\t<div class=\"wpb_text_column wpb_content_element\" >\n\t\t<div class=\"wpb_wrapper\">\n\t\t\t<h4 class=\"p1\" style=\"text-align: center;\"><span class=\"s1\"><b>CHAIRBOARD<\/b><\/span><\/h4>\n\n\t\t<\/div>\n\t<\/div>\n<div class=\"vc_btn3-container vc_btn3-center\" >\n\t<a class=\"vc_general vc_btn3 vc_btn3-size-md vc_btn3-shape-rounded vc_btn3-style-3d vc_btn3-color-violet\" href=\"https:\/\/www.munpoint.com\/muns\/bestmun-25\" title=\"\" target=\"_blank\">Apply<\/a><\/div>\n<\/div><\/div><\/div><\/div><div class=\"vc_row wpb_row vc_row-fluid\"><div class=\"wpb_column vc_column_container vc_col-sm-3\"><div class=\"vc_column-inner\"><div class=\"wpb_wrapper\"><\/div><\/div><\/div><div class=\"wpb_column vc_column_container vc_col-sm-3\"><div class=\"vc_column-inner\"><div class=\"wpb_wrapper\">\n\t<div  class=\"wpb_single_image wpb_content_element vc_align_left\">\n\t\t\n\t\t<figure class=\"wpb_wrapper vc_figure\">\n\t\t\t<div class=\"vc_single_image-wrapper   vc_box_border_grey\"><img width=\"600\" height=\"399\" src=\"https:\/\/bestmun.com\/wp-content\/uploads\/2023\/08\/press-and-media-payment.jpg\" class=\"vc_single_image-img attachment-full\" alt=\"\" decoding=\"async\" loading=\"lazy\" srcset=\"https:\/\/bestmun.com\/wp-content\/uploads\/2023\/08\/press-and-media-payment.jpg 600w, https:\/\/bestmun.com\/wp-content\/uploads\/2023\/08\/press-and-media-payment-300x200.jpg 300w, https:\/\/bestmun.com\/wp-content\/uploads\/2023\/08\/press-and-media-payment-18x12.jpg 18w\" sizes=\"(max-width: 600px) 100vw, 600px\" \/><\/div>\n\t\t<\/figure>\n\t<\/div>\n\n\t<div class=\"wpb_text_column wpb_content_element\" >\n\t\t<div class=\"wpb_wrapper\">\n\t\t\t<h4 class=\"p1\" style=\"text-align: center;\"><span class=\"s1\"><b>BASIN VE MEDYA TAKIM \u00dcYES\u0130<\/b><\/span><\/h4>\n\n\t\t<\/div>\n\t<\/div>\n<div class=\"vc_btn3-container vc_btn3-center\" >\n\t<a class=\"vc_general vc_btn3 vc_btn3-size-md vc_btn3-shape-rounded vc_btn3-style-3d vc_btn3-color-violet\" href=\"https:\/\/www.munpoint.com\/muns\/bestmun-25\" title=\"\" target=\"_blank\">Apply<\/a><\/div>\n<\/div><\/div><\/div><div class=\"wpb_column vc_column_container vc_col-sm-3\"><div class=\"vc_column-inner\"><div class=\"wpb_wrapper\">\n\t<div  class=\"wpb_single_image wpb_content_element vc_align_left\">\n\t\t\n\t\t<figure class=\"wpb_wrapper vc_figure\">\n\t\t\t<div class=\"vc_single_image-wrapper   vc_box_border_grey\"><img width=\"600\" height=\"399\" src=\"https:\/\/bestmun.com\/wp-content\/uploads\/2023\/08\/administrative-staff-payment.jpg\" class=\"vc_single_image-img attachment-full\" alt=\"\" decoding=\"async\" loading=\"lazy\" srcset=\"https:\/\/bestmun.com\/wp-content\/uploads\/2023\/08\/administrative-staff-payment.jpg 600w, https:\/\/bestmun.com\/wp-content\/uploads\/2023\/08\/administrative-staff-payment-300x200.jpg 300w, https:\/\/bestmun.com\/wp-content\/uploads\/2023\/08\/administrative-staff-payment-18x12.jpg 18w\" sizes=\"(max-width: 600px) 100vw, 600px\" \/><\/div>\n\t\t<\/figure>\n\t<\/div>\n\n\t<div class=\"wpb_text_column wpb_content_element\" >\n\t\t<div class=\"wpb_wrapper\">\n\t\t\t<h4 class=\"p1\" style=\"text-align: center;\"><span class=\"s1\"><b>ADMINISTRATIVE STAFF<\/b><\/span><\/h4>\n\n\t\t<\/div>\n\t<\/div>\n<div class=\"vc_btn3-container vc_btn3-center\" >\n\t<a class=\"vc_general vc_btn3 vc_btn3-size-md vc_btn3-shape-rounded vc_btn3-style-3d vc_btn3-color-violet\" href=\"https:\/\/www.munpoint.com\/muns\/bestmun-25\" title=\"\" target=\"_blank\">Apply<\/a><\/div>\n<\/div><\/div><\/div><div class=\"wpb_column vc_column_container vc_col-sm-3\"><div class=\"vc_column-inner\"><div class=\"wpb_wrapper\"><\/div><\/div><\/div><\/div><div class=\"vc_row wpb_row vc_row-fluid\"><div class=\"wpb_column vc_column_container vc_col-sm-12\"><div class=\"vc_column-inner\"><div class=\"wpb_wrapper\">\n\t<div class=\"wpb_text_column wpb_content_element\" >\n\t\t<div class=\"wpb_wrapper\">\n\t\t\t<p style=\"text-align: center;\"><strong>Legal Documents<\/strong><\/p>\n\n\t\t<\/div>\n\t<\/div>\n<\/div><\/div><\/div><\/div><div class=\"vc_row wpb_row vc_row-fluid\"><div class=\"wpb_column vc_column_container vc_col-sm-6\"><div class=\"vc_column-inner\"><div class=\"wpb_wrapper\"><div class=\"vc_btn3-container vc_btn3-center\" >\n\t<a class=\"vc_general vc_btn3 vc_btn3-size-md vc_btn3-shape-rounded vc_btn3-style-3d vc_btn3-color-violet\" href=\"https:\/\/bestmun.com\/wp-content\/uploads\/2024\/08\/kvkk-metni.pdf\" title=\"\" target=\"_blank\">2024-2025 KVKK Metni<\/a><\/div>\n<\/div><\/div><\/div><div class=\"wpb_column vc_column_container vc_col-sm-6\"><div class=\"vc_column-inner\"><div class=\"wpb_wrapper\"><div class=\"vc_btn3-container vc_btn3-center\" >\n\t<a class=\"vc_general vc_btn3 vc_btn3-size-md vc_btn3-shape-rounded vc_btn3-style-3d vc_btn3-color-violet\" href=\"https:\/\/bestmun.com\/wp-content\/uploads\/2024\/08\/acikriza-metni.pdf\" title=\"\" target=\"_blank\">2024-2025 A\u00e7\u0131k R\u0131za Metni<\/a><\/div>\n<\/div><\/div><\/div><\/div>","protected":false},"excerpt":{"rendered":"APPLICATIONS WILL BE PROCESSED THROUGH MUNPOINT INDIVIDUAL DELEGATE Apply DELEGATION Apply CHAIRBOARD Apply PRESS &amp; MEDIA TEAM MEMBER Apply ADMINISTRATIVE STAFF Apply Legal Documents 2024-2025 KVKK Metni 2024-2025 A\u00e7\u0131k R\u0131za Metni","protected":false},"author":2,"featured_media":0,"parent":0,"menu_order":0,"comment_status":"closed","ping_status":"closed","template":"","meta":[],"_links":{"self":[{"href":"https:\/\/bestmun.com\/tr\/wp-json\/wp\/v2\/pages\/9829"}],"collection":[{"href":"https:\/\/bestmun.com\/tr\/wp-json\/wp\/v2\/pages"}],"about":[{"href":"https:\/\/bestmun.com\/tr\/wp-json\/wp\/v2\/types\/page"}],"author":[{"embeddable":true,"href":"https:\/\/bestmun.com\/tr\/wp-json\/wp\/v2\/users\/2"}],"replies":[{"embeddable":true,"href":"https:\/\/bestmun.com\/tr\/wp-json\/wp\/v2\/comments?post=9829"}],"version-history":[{"count":22,"href":"https:\/\/bestmun.com\/tr\/wp-json\/wp\/v2\/pages\/9829\/revisions"}],"predecessor-version":[{"id":10082,"href":"https:\/\/bestmun.com\/tr\/wp-json\/wp\/v2\/pages\/9829\/revisions\/10082"}],"wp:attachment":[{"href":"https:\/\/bestmun.com\/tr\/wp-json\/wp\/v2\/media?parent=9829"}],"curies":[{"name":"wp","href":"https:\/\/api.w.org\/{rel}","templated":true}]}}