{"id":9947,"date":"2024-08-05T20:25:25","date_gmt":"2024-08-05T20:25:25","guid":{"rendered":"https:\/\/bestmun.com\/?page_id=9947"},"modified":"2024-09-08T19:40:33","modified_gmt":"2024-09-08T19:40:33","slug":"hnato","status":"publish","type":"page","link":"https:\/\/bestmun.com\/tr\/hnato\/","title":{"rendered":"Historical North Atlantic Treaty Organization (HNATO)"},"content":{"rendered":"<div class=\"vc_row wpb_row vc_row-fluid\"><div class=\"wpb_column vc_column_container vc_col-sm-12\"><div class=\"vc_column-inner\"><div class=\"wpb_wrapper\"><div class=\"gambit_fullwidth_row\" data-content-width=\"%100\" style=\"display: none\"><\/div><\/div><\/div><\/div><\/div><div class=\"vc_row wpb_row vc_row-fluid\"><div class=\"wpb_column vc_column_container vc_col-sm-12\"><div class=\"vc_column-inner\"><div class=\"wpb_wrapper\"><div class=\"title-subtile-holder\"><h1  style=\"font-size:;color:\" !important; class=\"section-title dark_title\">Historical North Atlantic Treaty Organization (HNATO) <\/h1><div style=\"background:#0a0a0a;\" class=\"section-border\"><\/div><div style=\"font-size:;color:\" !important; class=\"section-subtitle dark_subtitle\">Under Secretary General: G\u00f6rkem Can Co\u015fkun | Academic Assistant: Bora O\u011fuz<\/div><\/div>\n\t<div class=\"wpb_text_column wpb_content_element\" >\n\t\t<div class=\"wpb_wrapper\">\n\t\t\t<h5 style=\"text-align: center;\"><em><strong>Chairboard: TBD<\/strong><\/em><\/h5>\n\n\t\t<\/div>\n\t<\/div>\n<\/div><\/div><\/div><\/div><div class=\"vc_row wpb_row vc_row-fluid\"><div class=\"wpb_column vc_column_container vc_col-sm-12\"><div class=\"vc_column-inner\"><div class=\"wpb_wrapper\"><div class=\"vc_btn3-container vc_btn3-center\" >\n\t<a class=\"vc_general vc_btn3 vc_btn3-size-md vc_btn3-shape-rounded vc_btn3-style-modern vc_btn3-icon-right vc_btn3-color-mulled-wine\" href=\"https:\/\/bestmun.com\/wp-content\/uploads\/2023\/01\/BESTMUN-RULES-OF-PROCEDURE.pdf\" title=\"\" target=\"_blank\">Rules of Procedure <i class=\"vc_btn3-icon fa fa-external-link\"><\/i><\/a><\/div>\n<div class=\"vc_btn3-container vc_btn3-center\" >\n\t<a class=\"vc_general vc_btn3 vc_btn3-size-md vc_btn3-shape-rounded vc_btn3-style-modern vc_btn3-icon-right vc_btn3-color-mulled-wine\" href=\"https:\/\/bestmun.com\/wp-content\/uploads\/2024\/09\/H-NATO_Kosovo_War_99_Guide_EDIT_31.pdf\" title=\"\" target=\"_blank\">Study Guide <i class=\"vc_btn3-icon fa fa-external-link\"><\/i><\/a><\/div>\n<div class=\"vc_btn3-container vc_btn3-center\" >\n\t<button class=\"vc_general vc_btn3 vc_btn3-size-md vc_btn3-shape-rounded vc_btn3-style-modern vc_btn3-icon-right vc_btn3-color-mulled-wine\">Country\/Character Matrix <i class=\"vc_btn3-icon fa fa-external-link\"><\/i><\/button><\/div>\n<\/div><\/div><\/div><\/div>","protected":false},"excerpt":{"rendered":"Historical North Atlantic Treaty Organization (HNATO) Under Secretary General: G\u00f6rkem Can Co\u015fkun | Academic Assistant: Bora O\u011fuz Chairboard: TBD Rules of Procedure Study Guide Country\/Character Matrix","protected":false},"author":2,"featured_media":0,"parent":0,"menu_order":0,"comment_status":"closed","ping_status":"closed","template":"","meta":[],"_links":{"self":[{"href":"https:\/\/bestmun.com\/tr\/wp-json\/wp\/v2\/pages\/9947"}],"collection":[{"href":"https:\/\/bestmun.com\/tr\/wp-json\/wp\/v2\/pages"}],"about":[{"href":"https:\/\/bestmun.com\/tr\/wp-json\/wp\/v2\/types\/page"}],"author":[{"embeddable":true,"href":"https:\/\/bestmun.com\/tr\/wp-json\/wp\/v2\/users\/2"}],"replies":[{"embeddable":true,"href":"https:\/\/bestmun.com\/tr\/wp-json\/wp\/v2\/comments?post=9947"}],"version-history":[{"count":5,"href":"https:\/\/bestmun.com\/tr\/wp-json\/wp\/v2\/pages\/9947\/revisions"}],"predecessor-version":[{"id":10046,"href":"https:\/\/bestmun.com\/tr\/wp-json\/wp\/v2\/pages\/9947\/revisions\/10046"}],"wp:attachment":[{"href":"https:\/\/bestmun.com\/tr\/wp-json\/wp\/v2\/media?parent=9947"}],"curies":[{"name":"wp","href":"https:\/\/api.w.org\/{rel}","templated":true}]}}